{"id":2670,"date":"2025-08-05T18:39:23","date_gmt":"2025-08-05T18:39:23","guid":{"rendered":"https:\/\/www.tamarindoxperience.com\/?page_id=2670"},"modified":"2025-09-19T17:42:01","modified_gmt":"2025-09-19T17:42:01","slug":"terminos-y-condiciones","status":"publish","type":"page","link":"https:\/\/www.tamarindoxperience.com\/es\/terminos-y-condiciones\/","title":{"rendered":"T\u00e9rminos y condiciones"},"content":{"rendered":"\t\t<div data-elementor-type=\"wp-page\" data-elementor-id=\"2670\" class=\"elementor elementor-2670\">\n\t\t\t\t<div class=\"elementor-element elementor-element-2b2946a e-flex e-con-boxed e-con e-parent\" data-id=\"2b2946a\" data-element_type=\"container\" data-e-type=\"container\" data-settings=\"{&quot;background_background&quot;:&quot;classic&quot;}\">\n\t\t\t\t\t<div class=\"e-con-inner\">\n\t\t\t\t<div class=\"elementor-element elementor-element-2304991 elementor-widget elementor-widget-heading\" data-id=\"2304991\" data-element_type=\"widget\" data-e-type=\"widget\" data-widget_type=\"heading.default\">\n\t\t\t\t<div class=\"elementor-widget-container\">\n\t\t\t\t\t<h1 class=\"elementor-heading-title elementor-size-default\">T\u00e9rminos y Condiciones<\/h1>\t\t\t\t<\/div>\n\t\t\t\t<\/div>\n\t\t\t\t<div class=\"elementor-element elementor-element-18be670 elementor-widget-divider--view-line elementor-widget elementor-widget-divider\" data-id=\"18be670\" data-element_type=\"widget\" data-e-type=\"widget\" data-widget_type=\"divider.default\">\n\t\t\t\t<div class=\"elementor-widget-container\">\n\t\t\t\t\t\t\t<div class=\"elementor-divider\">\n\t\t\t<span class=\"elementor-divider-separator\">\n\t\t\t\t\t\t<\/span>\n\t\t<\/div>\n\t\t\t\t\t\t<\/div>\n\t\t\t\t<\/div>\n\t\t\t\t\t<\/div>\n\t\t\t\t<\/div>\n\t\t<div class=\"elementor-element elementor-element-7318bc3 e-con-full e-flex e-con e-parent\" data-id=\"7318bc3\" data-element_type=\"container\" data-e-type=\"container\" data-settings=\"{&quot;background_background&quot;:&quot;gradient&quot;}\">\n\t\t<div class=\"elementor-element elementor-element-20688a9 e-con-full e-flex e-con e-child\" data-id=\"20688a9\" data-element_type=\"container\" data-e-type=\"container\">\n\t\t\t\t<div class=\"elementor-element elementor-element-88dff98 elementor-widget elementor-widget-text-editor\" data-id=\"88dff98\" data-element_type=\"widget\" data-e-type=\"widget\" data-widget_type=\"text-editor.default\">\n\t\t\t\t<div class=\"elementor-widget-container\">\n\t\t\t\t\t\t\t\t\t<p>Todos los pagos que usted realice a trav\u00e9s del sitio web se rigen exclusivamente por los t\u00e9rminos y condiciones generales de la empresa que se detallan a continuaci\u00f3n:<br \/><br \/>No aceptamos t\u00e9rminos y condiciones diferentes por parte del cliente, salvo que se establezca espec\u00edficamente por escrito.<br \/><br \/><strong>Datos Generales:<\/strong><br \/><strong>Nombre de la Empresa: Tamarindo Xperience<\/strong><br \/><strong>C\u00e9dula Jur\u00eddica \/ F\u00edsica: 3-101930369<\/strong><br \/><strong><span style=\"color: #333333;\">Correo: <a style=\"color: #333333;\" href=\"mailto:info@tamarindoxperience.com\">info@tamarindoxperience.com<\/a><\/span><\/strong><br \/><strong><span style=\"color: #333333;\">Tel\u00e9fono: <a style=\"color: #333333;\" href=\"tel:+50688822970\">+506 88822970<\/a><\/span><\/strong><br \/><br \/><strong>Sitio Web:<\/strong><br \/>Descripci\u00f3n del Proceso de Compra\/Pago:<br \/><br \/>a. Detalle del Servicio:<br \/>Tamarindo Xperience es un operador tur\u00edstico local que ofrece experiencias aut\u00e9nticas en la zona de Tamarindo, Costa Rica. Entre nuestros servicios se incluyen tours guiados en cuatrimoto (ATV), avistamiento de tortugas marinas, tours en bote por el estero, pesca deportiva, tirolesa, y m\u00e1s. Todos los tours son coordinados y operados directamente por nuestro equipo.<br \/><br \/>b. Proceso de Cotizaci\u00f3n y Pago:<br \/>Nuestro equipo de Reservas y Atenci\u00f3n al Cliente brinda atenci\u00f3n directa a trav\u00e9s de redes sociales (Instagram, Facebook, WhatsApp) o correo electr\u00f3nico.<br \/>Cada cliente recibe una cotizaci\u00f3n seg\u00fan el tour, cantidad de personas, fecha y condiciones espec\u00edficas.<br \/>Una vez confirmado el monto final, se generar\u00e1 un enlace de pago seguro a trav\u00e9s de la plataforma seleccionada. Este enlace ser\u00e1 enviado al cliente directamente por el canal de comunicaci\u00f3n acordado.<br \/><br \/>c. Cancelaciones y Devoluciones:<br \/>Por favor, cont\u00e1ctenos con antelaci\u00f3n para reprogramar o cancelar su reserva sin penalizaci\u00f3n.<br \/>Servicios cancelados de 0 a 48 horas antes del inicio del tour: Penalizaci\u00f3n del 100%<br \/>Servicios cancelados con 48 horas o m\u00e1s antes del inicio del tour: Sin penalizaci\u00f3n<br \/>Tour de pesca cancelados de 0 a 5 dias antes del inicio del tour: Penalizacion del 100%<br \/>Tour de pesca cancelados 5 dias antes del inicio del tour: Sin penalizacion<\/p><p><strong>Condiciones Generales<\/strong><br \/>Tamarindo Xperience no solicita dep\u00f3sitos de garant\u00eda.<br \/>Los pagos pueden ser totales o parciales, y se acuerdan previamente con el cliente seg\u00fan el tipo de tour y condiciones establecidas.<br \/>Los clientes tienen derecho a modificar la fecha de su reserva, siempre y cuando exista disponibilidad en el calendario de operaciones.<br \/><br \/><strong>Consideraciones importantes:<\/strong><br \/>Todos los reembolsos deben ser aprobados por la Gerencia Comercial y tramitados \u00fanicamente a trav\u00e9s de los canales oficiales de contacto proporcionados en este documento.<br \/>En casos aprobados, el reembolso ser\u00e1 procesado en un plazo de hasta 15 d\u00edas naturales a partir de la aprobaci\u00f3n.<br \/>El reembolso se realizar\u00e1 exclusivamente por la misma v\u00eda en la que se recibi\u00f3 el pago original.<br \/>No se aceptan reembolsos por condiciones clim\u00e1ticas, salvo cancelaci\u00f3n oficial por parte de Tamarindo Xperience por motivos de seguridad.<br \/>En caso de enfermedad debidamente comprobada con un certificado m\u00e9dico, se evaluar\u00e1 un posible reembolso individual.<br \/><br \/><strong>3. Uso de esta plataforma<\/strong><br \/>Este sitio es operado para su uso comercial e informativo. El uso de este sitio web est\u00e1 sujeto a los siguientes t\u00e9rminos y condiciones, as\u00ed como las leyes que puedan aplicar. Al utilizar este sitio web, usted acepta sin limitaciones los siguientes t\u00e9rminos, en caso contrario, por favor no utilice este sitio web.<br \/><br \/><strong>4. Contenidos<\/strong><br \/>Todos los contenidos que usted ve en este sitio web est\u00e1n protegidos por derechos de autor y son propiedad de la empresa, salvo cuando se declare lo contrario. Estos contenidos solo podr\u00e1n ser utilizados de acuerdo a los t\u00e9rminos y condiciones establecidos en esta p\u00e1gina.<br \/>La empresa no garantiza ni declara que el uso de los materiales que aparecen en este sitio web no vulneren derechos de terceros no pertenecientes o afiliados de la empresa. Todas las im\u00e1genes son propiedad de la empresa y tendr\u00e1n que ser utilizadas bajo su consentimiento. El uso de estas im\u00e1genes est\u00e1 prohibido salvo cuando sea permitido bajo consentimiento. Cualquier uso no autorizado de las im\u00e1genes puede violar las leyes de derechos de autor, leyes de marcas registradas, leyes de privacidad y publicidad y regulaciones o estatutos de comunicaciones.<br \/>Cualquier comunicaci\u00f3n o material que transmita al sitio web por correo electr\u00f3nico u otro medio, incluyendo datos, preguntas, comentarios, sugerencias o similares, es y ser\u00e1 tratado como no confidencial y sin propietario. Cualquier cosa que transmita o publique puede ser utilizada por la empresa o sus afiliados para cualquier prop\u00f3sito, incluyendo, pero no limitado a, la reproducci\u00f3n, divulgaci\u00f3n, transmisi\u00f3n, publicaci\u00f3n, difusi\u00f3n y publicaci\u00f3n.<br \/>Adem\u00e1s, La empresa es libre de usar cualquier idea, concepto, know-how o t\u00e9cnicas contenidas en cualquier comunicaci\u00f3n que usted env\u00ede al sitio web para cualquier prop\u00f3sito, incluyendo, pero no limitado a, el desarrollo, fabricaci\u00f3n y comercializaci\u00f3n de productos y o servicios que utilicen dicha informaci\u00f3n.<br \/>Las marcas comerciales y los logotipos etc. que aparecen en este sitio web, son marcas comerciales registradas o no por la empresa. Nada de lo contenido en este sitio web debe de ser usado sin la autorizaci\u00f3n por escrito de la empresa o del tercero que sea propietario de las marcas que aparecen en este sitio web.<br \/><br \/><strong>5. Cookies<br \/><\/strong>Este sitio web utiliza \u201ccookies\u201d para rastrear sus preferencias y actividades. Las cookies son peque\u00f1as piezas de informaci\u00f3n transferidas al disco duro de su computadora por nuestro sitio web. Estas cookies mantienen un registro de sus preferencias para que sus visitas subsecuentes al sitio web sean m\u00e1s eficientes.<br \/>Las cookies pueden guardar una diversidad de informaci\u00f3n incluyendo el n\u00famero de veces que ha visitado nuestro sitio web, la informaci\u00f3n de su registro o las veces que ha visto un \u00edtem en particular. El uso de cookies es una pr\u00e1ctica com\u00fan y generalizada adoptada por la mayor\u00eda de los sitios web para servir mejor a los visitantes.<br \/>La mayor\u00eda de los navegadores est\u00e1n dise\u00f1ados para aceptar cookies pero pueden ser modificados para bloquear su uso; puede ver la secci\u00f3n de ayuda de su navegador para averiguar c\u00f3mo. Tambi\u00e9n puede elegir salirse por completo del uso de cookies visitando la liga: http:\/\/www.networkadvertising.org\/choices\/. Debe de tener en cuenta que, al bloquear el uso de cookies, este sitio web puede no funcionar en su totalidad y los beneficios extra ser\u00e1n perdidos.<br \/>La empresa revisar\u00e1 constantemente estos t\u00e9rminos y condiciones para realizar las adecuaciones necesarias.<br \/>Al usar este sitio web, deber\u00e1 visitar peri\u00f3dicamente esta p\u00e1gina para revisar los t\u00e9rminos y condiciones actuales.<br \/><br \/><strong>6. Pol\u00edtica de Privacidad<\/strong><br \/>La protecci\u00f3n de sus datos personales es importante para nosotros. Por lo tanto, nos gustar\u00eda informarle a continuaci\u00f3n qu\u00e9 se utilizar\u00e1n sus datos para qu\u00e9 fines solamente del uso de Tamarindo Xperience para enviar promociones a futuro. S\u00ed tiene m\u00e1s preguntas sobre el tratamiento de sus datos personales, no dude en ponerse en contacto con nosotros.<br \/>El constante desarrollo tecnol\u00f3gico, los cambios en nuestros servicios o la situaci\u00f3n legal, as\u00ed como otras razones, pueden requerir ajustes en nuestra informaci\u00f3n de protecci\u00f3n de datos.<br \/>Por lo tanto, nos reservamos el derecho de modificar esta declaraci\u00f3n de protecci\u00f3n de datos en cualquier momento y le pedimos que se informe regularmente sobre el estado actual.<br \/>La empresa respetuosa de la Ley 8968 \u201cLey de Protecci\u00f3n de la Persona frente al tratamiento de sus Datos Personales\u201d, y su reglamento, previo a incluir su informaci\u00f3n personal a nuestra Base de Datos, y en cumplimiento del art\u00edculo cinco de la citada norma, concernientes a la recopilaci\u00f3n y uso de cierta informaci\u00f3n como se describe a continuaci\u00f3n, le solicita emitir su consentimiento Informado, para lo cual hace de su conocimiento la siguiente informaci\u00f3n de inter\u00e9s:<br \/><br \/><strong>Secci\u00f3n 1 &#8211; \u00bfQu\u00e9 hacemos con su informaci\u00f3n?<\/strong> Cuando usted utiliza nuestra plataforma, como parte del proceso de compraventa, nosotros recolectamos la informaci\u00f3n personal que usted nos brinda tales como nombre, direcci\u00f3n y correo electr\u00f3nico.<br \/>Cuando navega en nuestra tienda, tambi\u00e9n recibimos de manera autom\u00e1tica la direcci\u00f3n de protocolo de internet de su computadora (IP) con el fin de proporcionarnos informaci\u00f3n que nos ayuda a conocer acerca de su navegador y sistema operativo.<br \/>Email marketing (si aplica): Con su permiso, podemos enviarle correos electr\u00f3nicos acerca de nuestra tienda, nuevos productos, servicios y otras actualizaciones.<br \/><br \/><strong>Secci\u00f3n 2 &#8211; Consentimiento<\/strong><br \/>\u00bfC\u00f3mo logran obtener mi consentimiento?<br \/>Cuando nos brinda su informaci\u00f3n personal para completar una transacci\u00f3n, crear una orden, concertar un env\u00edo o hacer una devoluci\u00f3n, implicamos que usted acepta la recolecci\u00f3n y uso de sus datos por esa raz\u00f3n espec\u00edfica solamente.<br \/>Si le pedimos su informaci\u00f3n personal por una raz\u00f3n secundaria, como marketing, le pediremos directamente su expreso consentimiento, o le daremos la oportunidad de negarse.<br \/>\u00bfC\u00f3mo puedo anular mi consentimiento?<br \/>Si luego de haber aceptado cambia de opini\u00f3n, puede anular su consentimiento para que le contactemos, por la recolecci\u00f3n, uso o divulgaci\u00f3n de su informaci\u00f3n, en cualquier momento, contact\u00e1ndonos a los correos y tel\u00e9fonos mencionados en la secci\u00f3n 1 de este documento.<br \/><br \/><strong>Secci\u00f3n 3 &#8211; Divulgaci\u00f3n<\/strong><br \/>Podemos divulgar su informaci\u00f3n personal si se nos requiere por ley o si viola nuestros T\u00e9rminos de Servicio.<br \/>Salvo que se indique lo contrario en los apartados siguientes, sus datos no ser\u00e1n cedidos a terceros, a menos que estemos legalmente obligados a ello o que la cesi\u00f3n de datos sea necesaria para la ejecuci\u00f3n de la relaci\u00f3n contractual o que usted haya dado su consentimiento expreso y previo a la cesi\u00f3n de sus datos.<br \/>Los proveedores de servicios externos y las empresas asociadas, como los proveedores de pago en l\u00ednea o la empresa de transporte encargada de la entrega, s\u00f3lo recibir\u00e1n sus datos si es necesario para procesar su pedido. En estos casos, sin embargo, el alcance de los datos transmitidos se limita al m\u00ednimo requerido.<br \/>En la medida en que nuestros proveedores de servicios entran en contacto con sus datos personales, nos aseguramos de que cumplan con las normas de las leyes de protecci\u00f3n de datos de la misma manera. Por favor, tenga en cuenta tambi\u00e9n la informaci\u00f3n de protecci\u00f3n de datos de los proveedores.<br \/>El proveedor de servicios respectivo es responsable del contenido de los servicios externos, por lo que comprobamos el cumplimiento de los servicios con los requisitos legales en el \u00e1mbito de lo razonable.<br \/><br \/><strong>Secci\u00f3n 4 &#8211; Operador de hosting<\/strong><br \/>Nuestra plataforma se encuentra alojada en SMART506. Ellos nos proporcionan la plataforma de comercio electr\u00f3nico en l\u00ednea que nos permite vender nuestros productos y\/o servicios.<br \/>Sus datos se almacenan a trav\u00e9s del almacenamiento de datos de SMART506, bases de datos y la aplicaci\u00f3n general de SMARTBILL. Sus datos se almacenan en un servidor seguro detr\u00e1s de un firewall.<br \/><br \/><strong>Secci\u00f3n 5 &#8211; Seguridad<\/strong><br \/>Para proteger su informaci\u00f3n personal, tomamos precauciones razonables y seguimos las mejores pr\u00e1cticas de la industria para asegurarnos de que no haya p\u00e9rdida de manera inapropiada, mal uso, acceso, divulgaci\u00f3n, alteraci\u00f3n o destrucci\u00f3n de esta.<br \/>La informaci\u00f3n de su tarjeta de cr\u00e9dito\/d\u00e9bito, no es almacenada en nuestros servidores. Dicha informaci\u00f3n es encriptada mediante la tecnolog\u00eda Secure Socket Layer (SSL) y con un cifrado AES- 256 y se transmite al procesador del Banco Nacional.<br \/>Aunque ning\u00fan m\u00e9todo de transmisi\u00f3n a trav\u00e9s de Internet o de almacenamiento electr\u00f3nico es 100% seguro, seguimos todos los requisitos de PCI-DSS e implementamos normas adicionales aceptadas por la industria.<br \/><br \/><strong>Secci\u00f3n 6 &#8211; Edad de consentimiento<\/strong><br \/>Al utilizar este sitio, declara que tiene al menos la mayor\u00eda de edad en su estado o provincia de residencia, y que nos ha brindado su consentimiento para permitir que cualquiera de sus dependientes menores use este servicio.<\/p>\t\t\t\t\t\t\t\t<\/div>\n\t\t\t\t<\/div>\n\t\t\t\t<\/div>\n\t\t\t\t<\/div>\n\t\t\t\t<\/div>\n\t\t","protected":false},"excerpt":{"rendered":"<p>T\u00e9rminos y Condiciones Todos los pagos que usted realice a trav\u00e9s del sitio web se rigen exclusivamente por los t\u00e9rminos y condiciones generales de la empresa que se detallan a continuaci\u00f3n: No aceptamos t\u00e9rminos y condiciones diferentes por parte del cliente, salvo que se establezca espec\u00edficamente por escrito. Datos Generales:Nombre de la Empresa: Tamarindo XperienceC\u00e9dula [&hellip;]<\/p>\n","protected":false},"author":1,"featured_media":0,"parent":0,"menu_order":0,"comment_status":"closed","ping_status":"closed","template":"","meta":{"footnotes":""},"class_list":["post-2670","page","type-page","status-publish","hentry"],"yoast_head":"<!-- This site is optimized with the Yoast SEO plugin v27.1.1 - https:\/\/yoast.com\/product\/yoast-seo-wordpress\/ -->\n<title>T\u00e9rminos y condiciones - Tamarindo Xperience<\/title>\n<meta name=\"robots\" content=\"index, follow, max-snippet:-1, max-image-preview:large, max-video-preview:-1\" \/>\n<link rel=\"canonical\" href=\"https:\/\/www.tamarindoxperience.com\/es\/terminos-y-condiciones\/\" \/>\n<meta property=\"og:locale\" content=\"es_ES\" \/>\n<meta property=\"og:type\" content=\"article\" \/>\n<meta property=\"og:title\" content=\"T\u00e9rminos y condiciones - Tamarindo Xperience\" \/>\n<meta property=\"og:description\" content=\"T\u00e9rminos y Condiciones Todos los pagos que usted realice a trav\u00e9s del sitio web se rigen exclusivamente por los t\u00e9rminos y condiciones generales de la empresa que se detallan a continuaci\u00f3n: No aceptamos t\u00e9rminos y condiciones diferentes por parte del cliente, salvo que se establezca espec\u00edficamente por escrito. Datos Generales:Nombre de la Empresa: Tamarindo XperienceC\u00e9dula [&hellip;]\" \/>\n<meta property=\"og:url\" content=\"https:\/\/www.tamarindoxperience.com\/es\/terminos-y-condiciones\/\" \/>\n<meta property=\"og:site_name\" content=\"Tamarindo Xperience\" \/>\n<meta property=\"article:publisher\" content=\"https:\/\/www.facebook.com\/profile.php?id=61573999673922\" \/>\n<meta property=\"article:modified_time\" content=\"2025-09-19T17:42:01+00:00\" \/>\n<meta name=\"twitter:card\" content=\"summary_large_image\" \/>\n<meta name=\"twitter:label1\" content=\"Tiempo de lectura\" \/>\n\t<meta name=\"twitter:data1\" content=\"9 minutos\" \/>\n<script type=\"application\/ld+json\" class=\"yoast-schema-graph\">{\"@context\":\"https:\/\/schema.org\",\"@graph\":[{\"@type\":\"WebPage\",\"@id\":\"https:\/\/www.tamarindoxperience.com\/es\/terminos-y-condiciones\/\",\"url\":\"https:\/\/www.tamarindoxperience.com\/es\/terminos-y-condiciones\/\",\"name\":\"T\u00e9rminos y condiciones - Tamarindo Xperience\",\"isPartOf\":{\"@id\":\"https:\/\/www.tamarindoxperience.com\/#website\"},\"datePublished\":\"2025-08-05T18:39:23+00:00\",\"dateModified\":\"2025-09-19T17:42:01+00:00\",\"breadcrumb\":{\"@id\":\"https:\/\/www.tamarindoxperience.com\/es\/terminos-y-condiciones\/#breadcrumb\"},\"inLanguage\":\"es\",\"potentialAction\":[{\"@type\":\"ReadAction\",\"target\":[\"https:\/\/www.tamarindoxperience.com\/es\/terminos-y-condiciones\/\"]}]},{\"@type\":\"BreadcrumbList\",\"@id\":\"https:\/\/www.tamarindoxperience.com\/es\/terminos-y-condiciones\/#breadcrumb\",\"itemListElement\":[{\"@type\":\"ListItem\",\"position\":1,\"name\":\"Home\",\"item\":\"https:\/\/www.tamarindoxperience.com\/es\/\"},{\"@type\":\"ListItem\",\"position\":2,\"name\":\"T\u00e9rminos y condiciones\"}]},{\"@type\":\"WebSite\",\"@id\":\"https:\/\/www.tamarindoxperience.com\/#website\",\"url\":\"https:\/\/www.tamarindoxperience.com\/\",\"name\":\"Tamarindo Xperience\",\"description\":\"Enjoy Tamarindo Costa Rica, the best tour operator.\",\"publisher\":{\"@id\":\"https:\/\/www.tamarindoxperience.com\/#organization\"},\"potentialAction\":[{\"@type\":\"SearchAction\",\"target\":{\"@type\":\"EntryPoint\",\"urlTemplate\":\"https:\/\/www.tamarindoxperience.com\/?s={search_term_string}\"},\"query-input\":{\"@type\":\"PropertyValueSpecification\",\"valueRequired\":true,\"valueName\":\"search_term_string\"}}],\"inLanguage\":\"es\"},{\"@type\":\"Organization\",\"@id\":\"https:\/\/www.tamarindoxperience.com\/#organization\",\"name\":\"Tamarindo Xperience\",\"url\":\"https:\/\/www.tamarindoxperience.com\/\",\"logo\":{\"@type\":\"ImageObject\",\"inLanguage\":\"es\",\"@id\":\"https:\/\/www.tamarindoxperience.com\/#\/schema\/logo\/image\/\",\"url\":\"https:\/\/www.tamarindoxperience.com\/wp-content\/uploads\/2025\/05\/tamarindo-x-web-fc.png\",\"contentUrl\":\"https:\/\/www.tamarindoxperience.com\/wp-content\/uploads\/2025\/05\/tamarindo-x-web-fc.png\",\"width\":600,\"height\":203,\"caption\":\"Tamarindo Xperience\"},\"image\":{\"@id\":\"https:\/\/www.tamarindoxperience.com\/#\/schema\/logo\/image\/\"},\"sameAs\":[\"https:\/\/www.facebook.com\/profile.php?id=61573999673922\",\"https:\/\/www.instagram.com\/tamarindo_xperience\/\",\"https:\/\/www.tripadvisor.com.mx\/Attraction_Review-g309253-d33032784-Reviews-Tamarindo_Xperience-Tamarindo_Province_of_Guanacaste.html\"]}]}<\/script>\n<!-- \/ Yoast SEO plugin. -->","yoast_head_json":{"title":"T\u00e9rminos y condiciones - Tamarindo Xperience","robots":{"index":"index","follow":"follow","max-snippet":"max-snippet:-1","max-image-preview":"max-image-preview:large","max-video-preview":"max-video-preview:-1"},"canonical":"https:\/\/www.tamarindoxperience.com\/es\/terminos-y-condiciones\/","og_locale":"es_ES","og_type":"article","og_title":"T\u00e9rminos y condiciones - Tamarindo Xperience","og_description":"T\u00e9rminos y Condiciones Todos los pagos que usted realice a trav\u00e9s del sitio web se rigen exclusivamente por los t\u00e9rminos y condiciones generales de la empresa que se detallan a continuaci\u00f3n: No aceptamos t\u00e9rminos y condiciones diferentes por parte del cliente, salvo que se establezca espec\u00edficamente por escrito. Datos Generales:Nombre de la Empresa: Tamarindo XperienceC\u00e9dula [&hellip;]","og_url":"https:\/\/www.tamarindoxperience.com\/es\/terminos-y-condiciones\/","og_site_name":"Tamarindo Xperience","article_publisher":"https:\/\/www.facebook.com\/profile.php?id=61573999673922","article_modified_time":"2025-09-19T17:42:01+00:00","twitter_card":"summary_large_image","twitter_misc":{"Tiempo de lectura":"9 minutos"},"schema":{"@context":"https:\/\/schema.org","@graph":[{"@type":"WebPage","@id":"https:\/\/www.tamarindoxperience.com\/es\/terminos-y-condiciones\/","url":"https:\/\/www.tamarindoxperience.com\/es\/terminos-y-condiciones\/","name":"T\u00e9rminos y condiciones - Tamarindo Xperience","isPartOf":{"@id":"https:\/\/www.tamarindoxperience.com\/#website"},"datePublished":"2025-08-05T18:39:23+00:00","dateModified":"2025-09-19T17:42:01+00:00","breadcrumb":{"@id":"https:\/\/www.tamarindoxperience.com\/es\/terminos-y-condiciones\/#breadcrumb"},"inLanguage":"es","potentialAction":[{"@type":"ReadAction","target":["https:\/\/www.tamarindoxperience.com\/es\/terminos-y-condiciones\/"]}]},{"@type":"BreadcrumbList","@id":"https:\/\/www.tamarindoxperience.com\/es\/terminos-y-condiciones\/#breadcrumb","itemListElement":[{"@type":"ListItem","position":1,"name":"Home","item":"https:\/\/www.tamarindoxperience.com\/es\/"},{"@type":"ListItem","position":2,"name":"T\u00e9rminos y condiciones"}]},{"@type":"WebSite","@id":"https:\/\/www.tamarindoxperience.com\/#website","url":"https:\/\/www.tamarindoxperience.com\/","name":"Tamarindo Xperience","description":"Enjoy Tamarindo Costa Rica, the best tour operator.","publisher":{"@id":"https:\/\/www.tamarindoxperience.com\/#organization"},"potentialAction":[{"@type":"SearchAction","target":{"@type":"EntryPoint","urlTemplate":"https:\/\/www.tamarindoxperience.com\/?s={search_term_string}"},"query-input":{"@type":"PropertyValueSpecification","valueRequired":true,"valueName":"search_term_string"}}],"inLanguage":"es"},{"@type":"Organization","@id":"https:\/\/www.tamarindoxperience.com\/#organization","name":"Tamarindo Xperience","url":"https:\/\/www.tamarindoxperience.com\/","logo":{"@type":"ImageObject","inLanguage":"es","@id":"https:\/\/www.tamarindoxperience.com\/#\/schema\/logo\/image\/","url":"https:\/\/www.tamarindoxperience.com\/wp-content\/uploads\/2025\/05\/tamarindo-x-web-fc.png","contentUrl":"https:\/\/www.tamarindoxperience.com\/wp-content\/uploads\/2025\/05\/tamarindo-x-web-fc.png","width":600,"height":203,"caption":"Tamarindo Xperience"},"image":{"@id":"https:\/\/www.tamarindoxperience.com\/#\/schema\/logo\/image\/"},"sameAs":["https:\/\/www.facebook.com\/profile.php?id=61573999673922","https:\/\/www.instagram.com\/tamarindo_xperience\/","https:\/\/www.tripadvisor.com.mx\/Attraction_Review-g309253-d33032784-Reviews-Tamarindo_Xperience-Tamarindo_Province_of_Guanacaste.html"]}]}},"_links":{"self":[{"href":"https:\/\/www.tamarindoxperience.com\/es\/wp-json\/wp\/v2\/pages\/2670","targetHints":{"allow":["GET"]}}],"collection":[{"href":"https:\/\/www.tamarindoxperience.com\/es\/wp-json\/wp\/v2\/pages"}],"about":[{"href":"https:\/\/www.tamarindoxperience.com\/es\/wp-json\/wp\/v2\/types\/page"}],"author":[{"embeddable":true,"href":"https:\/\/www.tamarindoxperience.com\/es\/wp-json\/wp\/v2\/users\/1"}],"replies":[{"embeddable":true,"href":"https:\/\/www.tamarindoxperience.com\/es\/wp-json\/wp\/v2\/comments?post=2670"}],"version-history":[{"count":25,"href":"https:\/\/www.tamarindoxperience.com\/es\/wp-json\/wp\/v2\/pages\/2670\/revisions"}],"predecessor-version":[{"id":3249,"href":"https:\/\/www.tamarindoxperience.com\/es\/wp-json\/wp\/v2\/pages\/2670\/revisions\/3249"}],"wp:attachment":[{"href":"https:\/\/www.tamarindoxperience.com\/es\/wp-json\/wp\/v2\/media?parent=2670"}],"curies":[{"name":"wp","href":"https:\/\/api.w.org\/{rel}","templated":true}]}}