{"id":2437,"date":"2025-06-23T18:29:35","date_gmt":"2025-06-23T18:29:35","guid":{"rendered":"https:\/\/www.tamarindoxperience.com\/fishing\/"},"modified":"2025-09-19T17:43:08","modified_gmt":"2025-09-19T17:43:08","slug":"tour-de-pesca","status":"publish","type":"page","link":"https:\/\/www.tamarindoxperience.com\/es\/tour-de-pesca\/","title":{"rendered":"Tour de Pesca"},"content":{"rendered":"\t\t<div data-elementor-type=\"wp-page\" data-elementor-id=\"2437\" class=\"elementor elementor-2437\">\n\t\t\t\t<div class=\"elementor-element elementor-element-6abefea e-flex e-con-boxed e-con e-parent\" data-id=\"6abefea\" data-element_type=\"container\" data-e-type=\"container\" data-settings=\"{&quot;background_background&quot;:&quot;video&quot;,&quot;background_video_link&quot;:&quot;https:\\\/\\\/www.youtube.com\\\/watch?v=wWW_wlBKG2c&quot;,&quot;background_play_on_mobile&quot;:&quot;yes&quot;}\">\n\t\t\t\t\t<div class=\"e-con-inner\">\n\t\t<div class=\"elementor-background-video-container\">\n\t\t\t\t\t\t\t<div class=\"elementor-background-video-embed\" role=\"presentation\"><\/div>\n\t\t\t\t\t\t<\/div>\t\t<div class=\"elementor-element elementor-element-751e8fc elementor-widget elementor-widget-heading\" data-id=\"751e8fc\" data-element_type=\"widget\" data-e-type=\"widget\" data-widget_type=\"heading.default\">\n\t\t\t\t<div class=\"elementor-widget-container\">\n\t\t\t\t\t<h2 class=\"elementor-heading-title elementor-size-default\">Una aventura exclusiva en\n<span style=\"color: #DEA22A\"> alta mar<\/span>\n<\/h2>\t\t\t\t<\/div>\n\t\t\t\t<\/div>\n\t\t\t\t<div class=\"elementor-element elementor-element-f82cb8a elementor-widget-divider--view-line elementor-widget elementor-widget-divider\" data-id=\"f82cb8a\" data-element_type=\"widget\" data-e-type=\"widget\" data-widget_type=\"divider.default\">\n\t\t\t\t<div class=\"elementor-widget-container\">\n\t\t\t\t\t\t\t<div class=\"elementor-divider\">\n\t\t\t<span class=\"elementor-divider-separator\">\n\t\t\t\t\t\t<\/span>\n\t\t<\/div>\n\t\t\t\t\t\t<\/div>\n\t\t\t\t<\/div>\n\t\t\t\t\t<\/div>\n\t\t\t\t<\/div>\n\t\t<div class=\"elementor-element elementor-element-d476c99 e-con-full e-flex e-con e-parent\" data-id=\"d476c99\" data-element_type=\"container\" data-e-type=\"container\" data-settings=\"{&quot;background_background&quot;:&quot;classic&quot;}\">\n\t\t\t\t<div class=\"elementor-element elementor-element-7e1cd04 elementor-widget elementor-widget-spacer\" data-id=\"7e1cd04\" data-element_type=\"widget\" data-e-type=\"widget\" data-widget_type=\"spacer.default\">\n\t\t\t\t<div class=\"elementor-widget-container\">\n\t\t\t\t\t\t\t<div class=\"elementor-spacer\">\n\t\t\t<div class=\"elementor-spacer-inner\"><\/div>\n\t\t<\/div>\n\t\t\t\t\t\t<\/div>\n\t\t\t\t<\/div>\n\t\t\t\t<div class=\"elementor-element elementor-element-f6b4f36 elementor-widget elementor-widget-heading\" data-id=\"f6b4f36\" data-element_type=\"widget\" data-e-type=\"widget\" data-widget_type=\"heading.default\">\n\t\t\t\t<div class=\"elementor-widget-container\">\n\t\t\t\t\t<h1 class=\"elementor-heading-title elementor-size-default\">Vive la mejor pesca en Tamarindo,<br><span style=\"color: #DEA22A\">dos diferentes experiencias que puedes elegir <\/span><\/h1>\t\t\t\t<\/div>\n\t\t\t\t<\/div>\n\t\t<div class=\"elementor-element elementor-element-b648bae e-con-full e-flex e-con e-child\" data-id=\"b648bae\" data-element_type=\"container\" data-e-type=\"container\">\n\t\t<div class=\"elementor-element elementor-element-b2e2b76 e-con-full e-flex e-con e-child\" data-id=\"b2e2b76\" data-element_type=\"container\" data-e-type=\"container\">\n\t\t\t\t<div class=\"elementor-element elementor-element-93df5f3 elementor-widget elementor-widget-image\" data-id=\"93df5f3\" data-element_type=\"widget\" data-e-type=\"widget\" data-widget_type=\"image.default\">\n\t\t\t\t<div class=\"elementor-widget-container\">\n\t\t\t\t\t\t\t\t\t\t\t\t\t\t\t\t<a href=\"https:\/\/www.tamarindoxperience.com\/es\/38-fts\/\">\n\t\t\t\t\t\t\t<img loading=\"lazy\" decoding=\"async\" width=\"1200\" height=\"1200\" src=\"https:\/\/www.tamarindoxperience.com\/wp-content\/uploads\/2025\/06\/38-fts-quita-calzon.jpg\" class=\"attachment-full size-full wp-image-1354\" alt=\"\" srcset=\"https:\/\/www.tamarindoxperience.com\/wp-content\/uploads\/2025\/06\/38-fts-quita-calzon.jpg 1200w, https:\/\/www.tamarindoxperience.com\/wp-content\/uploads\/2025\/06\/38-fts-quita-calzon-300x300.jpg 300w, https:\/\/www.tamarindoxperience.com\/wp-content\/uploads\/2025\/06\/38-fts-quita-calzon-1024x1024.jpg 1024w, https:\/\/www.tamarindoxperience.com\/wp-content\/uploads\/2025\/06\/38-fts-quita-calzon-150x150.jpg 150w, https:\/\/www.tamarindoxperience.com\/wp-content\/uploads\/2025\/06\/38-fts-quita-calzon-768x768.jpg 768w, https:\/\/www.tamarindoxperience.com\/wp-content\/uploads\/2025\/06\/38-fts-quita-calzon-450x450.jpg 450w, https:\/\/www.tamarindoxperience.com\/wp-content\/uploads\/2025\/06\/38-fts-quita-calzon-100x100.jpg 100w\" sizes=\"auto, (max-width: 1200px) 100vw, 1200px\" \/>\t\t\t\t\t\t\t\t<\/a>\n\t\t\t\t\t\t\t\t\t\t\t\t\t\t\t<\/div>\n\t\t\t\t<\/div>\n\t\t<div class=\"elementor-element elementor-element-f1e4b17 e-con-full e-flex e-con e-child\" data-id=\"f1e4b17\" data-element_type=\"container\" data-e-type=\"container\" data-settings=\"{&quot;background_background&quot;:&quot;gradient&quot;}\">\n\t\t\t\t<div class=\"elementor-element elementor-element-161acee elementor-widget elementor-widget-heading\" data-id=\"161acee\" data-element_type=\"widget\" data-e-type=\"widget\" data-widget_type=\"heading.default\">\n\t\t\t\t<div class=\"elementor-widget-container\">\n\t\t\t\t\t<h2 class=\"elementor-heading-title elementor-size-default\"><a href=\"https:\/\/www.tamarindoxperience.com\/es\/38-fts\/\">38 FTS\n<span style=\"color: #DEA22A\">Quita Calz\u00f3n<\/span><br><\/a><\/h2>\t\t\t\t<\/div>\n\t\t\t\t<\/div>\n\t\t\t\t<div class=\"elementor-element elementor-element-f81e3c3 elementor-widget-divider--view-line elementor-widget elementor-widget-divider\" data-id=\"f81e3c3\" data-element_type=\"widget\" data-e-type=\"widget\" data-widget_type=\"divider.default\">\n\t\t\t\t<div class=\"elementor-widget-container\">\n\t\t\t\t\t\t\t<div class=\"elementor-divider\">\n\t\t\t<span class=\"elementor-divider-separator\">\n\t\t\t\t\t\t<\/span>\n\t\t<\/div>\n\t\t\t\t\t\t<\/div>\n\t\t\t\t<\/div>\n\t\t\t\t<div class=\"elementor-element elementor-element-be491c3 elementor-widget elementor-widget-text-editor\" data-id=\"be491c3\" data-element_type=\"widget\" data-e-type=\"widget\" data-widget_type=\"text-editor.default\">\n\t\t\t\t<div class=\"elementor-widget-container\">\n\t\t\t\t\t\t\t\t\t<span style=\"color: #ffffff;\"><a style=\"color: #ffffff;\" href=\"https:\/\/www.tamarindoxperience.com\/es\/38-fts\/\">Ver m\u00e1s<\/a><\/span>\t\t\t\t\t\t\t\t<\/div>\n\t\t\t\t<\/div>\n\t\t\t\t<\/div>\n\t\t\t\t<\/div>\n\t\t<div class=\"elementor-element elementor-element-c03464e e-con-full elementor-hidden-desktop elementor-hidden-tablet elementor-hidden-mobile e-flex e-con e-child\" data-id=\"c03464e\" data-element_type=\"container\" data-e-type=\"container\">\n\t\t\t\t<div class=\"elementor-element elementor-element-88181c0 elementor-widget elementor-widget-image\" data-id=\"88181c0\" data-element_type=\"widget\" data-e-type=\"widget\" data-widget_type=\"image.default\">\n\t\t\t\t<div class=\"elementor-widget-container\">\n\t\t\t\t\t\t\t\t\t\t\t\t\t\t\t\t<a href=\"https:\/\/www.tamarindoxperience.com\/36-fts\/\">\n\t\t\t\t\t\t\t<img loading=\"lazy\" decoding=\"async\" width=\"1200\" height=\"1200\" src=\"https:\/\/www.tamarindoxperience.com\/wp-content\/uploads\/2025\/06\/36-fts-california.jpg\" class=\"attachment-full size-full wp-image-1355\" alt=\"\" srcset=\"https:\/\/www.tamarindoxperience.com\/wp-content\/uploads\/2025\/06\/36-fts-california.jpg 1200w, https:\/\/www.tamarindoxperience.com\/wp-content\/uploads\/2025\/06\/36-fts-california-300x300.jpg 300w, https:\/\/www.tamarindoxperience.com\/wp-content\/uploads\/2025\/06\/36-fts-california-1024x1024.jpg 1024w, https:\/\/www.tamarindoxperience.com\/wp-content\/uploads\/2025\/06\/36-fts-california-150x150.jpg 150w, https:\/\/www.tamarindoxperience.com\/wp-content\/uploads\/2025\/06\/36-fts-california-768x768.jpg 768w, https:\/\/www.tamarindoxperience.com\/wp-content\/uploads\/2025\/06\/36-fts-california-450x450.jpg 450w, https:\/\/www.tamarindoxperience.com\/wp-content\/uploads\/2025\/06\/36-fts-california-100x100.jpg 100w\" sizes=\"auto, (max-width: 1200px) 100vw, 1200px\" \/>\t\t\t\t\t\t\t\t<\/a>\n\t\t\t\t\t\t\t\t\t\t\t\t\t\t\t<\/div>\n\t\t\t\t<\/div>\n\t\t<div class=\"elementor-element elementor-element-668fd65 e-con-full e-flex e-con e-child\" data-id=\"668fd65\" data-element_type=\"container\" data-e-type=\"container\" data-settings=\"{&quot;background_background&quot;:&quot;gradient&quot;}\">\n\t\t\t\t<div class=\"elementor-element elementor-element-27a554d elementor-widget elementor-widget-heading\" data-id=\"27a554d\" data-element_type=\"widget\" data-e-type=\"widget\" data-widget_type=\"heading.default\">\n\t\t\t\t<div class=\"elementor-widget-container\">\n\t\t\t\t\t<h2 class=\"elementor-heading-title elementor-size-default\"><a href=\"https:\/\/www.tamarindoxperience.com\/36-fts\/\">36 FTS\n<span style=\"color: #DEA22A\">California<\/span><br><\/a><\/h2>\t\t\t\t<\/div>\n\t\t\t\t<\/div>\n\t\t\t\t<div class=\"elementor-element elementor-element-fcdf41f elementor-widget-divider--view-line elementor-widget elementor-widget-divider\" data-id=\"fcdf41f\" data-element_type=\"widget\" data-e-type=\"widget\" data-widget_type=\"divider.default\">\n\t\t\t\t<div class=\"elementor-widget-container\">\n\t\t\t\t\t\t\t<div class=\"elementor-divider\">\n\t\t\t<span class=\"elementor-divider-separator\">\n\t\t\t\t\t\t<\/span>\n\t\t<\/div>\n\t\t\t\t\t\t<\/div>\n\t\t\t\t<\/div>\n\t\t\t\t<div class=\"elementor-element elementor-element-6c37249 elementor-widget elementor-widget-text-editor\" data-id=\"6c37249\" data-element_type=\"widget\" data-e-type=\"widget\" data-widget_type=\"text-editor.default\">\n\t\t\t\t<div class=\"elementor-widget-container\">\n\t\t\t\t\t\t\t\t\t<span style=\"color: #ffffff;\"><a style=\"color: #ffffff;\" href=\"https:\/\/www.tamarindoxperience.com\/36-fts\/\">View more<\/a><\/span>\t\t\t\t\t\t\t\t<\/div>\n\t\t\t\t<\/div>\n\t\t\t\t<\/div>\n\t\t\t\t<\/div>\n\t\t<div class=\"elementor-element elementor-element-9e68374 e-con-full e-flex e-con e-child\" data-id=\"9e68374\" data-element_type=\"container\" data-e-type=\"container\">\n\t\t\t\t<div class=\"elementor-element elementor-element-ac5011e elementor-widget elementor-widget-image\" data-id=\"ac5011e\" data-element_type=\"widget\" data-e-type=\"widget\" data-widget_type=\"image.default\">\n\t\t\t\t<div class=\"elementor-widget-container\">\n\t\t\t\t\t\t\t\t\t\t\t\t\t\t\t\t<a href=\"https:\/\/www.tamarindoxperience.com\/es\/tour-bote-para-snorkel\/\">\n\t\t\t\t\t\t\t<img loading=\"lazy\" decoding=\"async\" width=\"1200\" height=\"1200\" src=\"https:\/\/www.tamarindoxperience.com\/wp-content\/uploads\/2025\/05\/sunset-private-boat.jpg\" class=\"attachment-full size-full wp-image-975\" alt=\"\" srcset=\"https:\/\/www.tamarindoxperience.com\/wp-content\/uploads\/2025\/05\/sunset-private-boat.jpg 1200w, https:\/\/www.tamarindoxperience.com\/wp-content\/uploads\/2025\/05\/sunset-private-boat-300x300.jpg 300w, https:\/\/www.tamarindoxperience.com\/wp-content\/uploads\/2025\/05\/sunset-private-boat-1024x1024.jpg 1024w, https:\/\/www.tamarindoxperience.com\/wp-content\/uploads\/2025\/05\/sunset-private-boat-150x150.jpg 150w, https:\/\/www.tamarindoxperience.com\/wp-content\/uploads\/2025\/05\/sunset-private-boat-768x768.jpg 768w, https:\/\/www.tamarindoxperience.com\/wp-content\/uploads\/2025\/05\/sunset-private-boat-450x450.jpg 450w, https:\/\/www.tamarindoxperience.com\/wp-content\/uploads\/2025\/05\/sunset-private-boat-100x100.jpg 100w\" sizes=\"auto, (max-width: 1200px) 100vw, 1200px\" \/>\t\t\t\t\t\t\t\t<\/a>\n\t\t\t\t\t\t\t\t\t\t\t\t\t\t\t<\/div>\n\t\t\t\t<\/div>\n\t\t<div class=\"elementor-element elementor-element-8e3f797 e-con-full e-flex e-con e-child\" data-id=\"8e3f797\" data-element_type=\"container\" data-e-type=\"container\" data-settings=\"{&quot;background_background&quot;:&quot;gradient&quot;}\">\n\t\t\t\t<div class=\"elementor-element elementor-element-8de3115 elementor-widget elementor-widget-heading\" data-id=\"8de3115\" data-element_type=\"widget\" data-e-type=\"widget\" data-widget_type=\"heading.default\">\n\t\t\t\t<div class=\"elementor-widget-container\">\n\t\t\t\t\t<h2 class=\"elementor-heading-title elementor-size-default\"><a href=\"https:\/\/www.tamarindoxperience.com\/es\/tour-bote-para-snorkel\/\">Tour Bote para <span style=\"color: #DEA22A\">Snorkel<\/span><br><\/a><\/h2>\t\t\t\t<\/div>\n\t\t\t\t<\/div>\n\t\t\t\t<div class=\"elementor-element elementor-element-b6791f6 elementor-widget-divider--view-line elementor-widget elementor-widget-divider\" data-id=\"b6791f6\" data-element_type=\"widget\" data-e-type=\"widget\" data-widget_type=\"divider.default\">\n\t\t\t\t<div class=\"elementor-widget-container\">\n\t\t\t\t\t\t\t<div class=\"elementor-divider\">\n\t\t\t<span class=\"elementor-divider-separator\">\n\t\t\t\t\t\t<\/span>\n\t\t<\/div>\n\t\t\t\t\t\t<\/div>\n\t\t\t\t<\/div>\n\t\t\t\t<div class=\"elementor-element elementor-element-14c1ff0 elementor-widget elementor-widget-text-editor\" data-id=\"14c1ff0\" data-element_type=\"widget\" data-e-type=\"widget\" data-widget_type=\"text-editor.default\">\n\t\t\t\t<div class=\"elementor-widget-container\">\n\t\t\t\t\t\t\t\t\t<span style=\"color: #ffffff;\"><a style=\"color: #ffffff;\" href=\"https:\/\/www.tamarindoxperience.com\/es\/tour-bote-para-snorkel\/\">Ver m\u00e1s<\/a><\/span>\t\t\t\t\t\t\t\t<\/div>\n\t\t\t\t<\/div>\n\t\t\t\t<\/div>\n\t\t\t\t<\/div>\n\t\t\t\t<\/div>\n\t\t\t\t<div class=\"elementor-element elementor-element-5d83e5b elementor-widget elementor-widget-spacer\" data-id=\"5d83e5b\" data-element_type=\"widget\" data-e-type=\"widget\" data-widget_type=\"spacer.default\">\n\t\t\t\t<div class=\"elementor-widget-container\">\n\t\t\t\t\t\t\t<div class=\"elementor-spacer\">\n\t\t\t<div class=\"elementor-spacer-inner\"><\/div>\n\t\t<\/div>\n\t\t\t\t\t\t<\/div>\n\t\t\t\t<\/div>\n\t\t\t\t<\/div>\n\t\t<div class=\"elementor-element elementor-element-703c3d1 e-con-full e-flex e-con e-parent\" data-id=\"703c3d1\" data-element_type=\"container\" data-e-type=\"container\" data-settings=\"{&quot;background_background&quot;:&quot;classic&quot;}\">\n\t\t\t\t<div class=\"elementor-element elementor-element-0dfd087 elementor-align-center elementor-widget elementor-widget-button\" data-id=\"0dfd087\" data-element_type=\"widget\" data-e-type=\"widget\" data-widget_type=\"button.default\">\n\t\t\t\t<div class=\"elementor-widget-container\">\n\t\t\t\t\t\t\t\t\t<div class=\"elementor-button-wrapper\">\n\t\t\t\t\t<a class=\"elementor-button elementor-button-link elementor-size-sm elementor-animation-grow\" href=\"#\">\n\t\t\t\t\t\t<span class=\"elementor-button-content-wrapper\">\n\t\t\t\t\t\t\t\t\t<span class=\"elementor-button-text\">Reservar<\/span>\n\t\t\t\t\t<\/span>\n\t\t\t\t\t<\/a>\n\t\t\t\t<\/div>\n\t\t\t\t\t\t\t\t<\/div>\n\t\t\t\t<\/div>\n\t\t\t\t<\/div>\n\t\t\t\t<\/div>\n\t\t","protected":false},"excerpt":{"rendered":"<p>Una aventura exclusiva en alta mar Vive la mejor pesca en Tamarindo,dos diferentes experiencias que puedes elegir 38 FTS Quita Calz\u00f3n Ver m\u00e1s 36 FTS California View more Tour Bote para Snorkel Ver m\u00e1s Reservar<\/p>\n","protected":false},"author":1,"featured_media":0,"parent":0,"menu_order":0,"comment_status":"closed","ping_status":"closed","template":"","meta":{"footnotes":""},"class_list":["post-2437","page","type-page","status-publish","hentry"],"yoast_head":"<!-- This site is optimized with the Yoast SEO plugin v27.1.1 - https:\/\/yoast.com\/product\/yoast-seo-wordpress\/ -->\n<title>Tours de Pesca Deportiva y Alta Mar desde Tamarindo Costa Rica<\/title>\n<meta name=\"description\" content=\"Embarca en una aventura de pesca deportiva desde Tamarindo. Ya sea alta mar o costa, nuestros tours cuentan con gu\u00edas expertos, equipo de calidad, y la oportunidad de capturar Marlin, Dorado, Pez Vela y m\u00e1s.\" \/>\n<meta name=\"robots\" content=\"index, follow, max-snippet:-1, max-image-preview:large, max-video-preview:-1\" \/>\n<link rel=\"canonical\" href=\"https:\/\/www.tamarindoxperience.com\/es\/tour-de-pesca\/\" \/>\n<meta property=\"og:locale\" content=\"es_ES\" \/>\n<meta property=\"og:type\" content=\"article\" \/>\n<meta property=\"og:title\" content=\"Tours de Pesca Deportiva y Alta Mar desde Tamarindo Costa Rica\" \/>\n<meta property=\"og:description\" content=\"Embarca en una aventura de pesca deportiva desde Tamarindo. Ya sea alta mar o costa, nuestros tours cuentan con gu\u00edas expertos, equipo de calidad, y la oportunidad de capturar Marlin, Dorado, Pez Vela y m\u00e1s.\" \/>\n<meta property=\"og:url\" content=\"https:\/\/www.tamarindoxperience.com\/es\/tour-de-pesca\/\" \/>\n<meta property=\"og:site_name\" content=\"Tamarindo Xperience\" \/>\n<meta property=\"article:publisher\" content=\"https:\/\/www.facebook.com\/profile.php?id=61573999673922\" \/>\n<meta property=\"article:modified_time\" content=\"2025-09-19T17:43:08+00:00\" \/>\n<meta property=\"og:image\" content=\"https:\/\/www.tamarindoxperience.com\/wp-content\/uploads\/2025\/06\/38-fts-quita-calzon.jpg\" \/>\n\t<meta property=\"og:image:width\" content=\"1200\" \/>\n\t<meta property=\"og:image:height\" content=\"1200\" \/>\n\t<meta property=\"og:image:type\" content=\"image\/jpeg\" \/>\n<meta name=\"twitter:card\" content=\"summary_large_image\" \/>\n<meta name=\"twitter:label1\" content=\"Tiempo de lectura\" \/>\n\t<meta name=\"twitter:data1\" content=\"1 minuto\" \/>\n<script type=\"application\/ld+json\" class=\"yoast-schema-graph\">{\"@context\":\"https:\/\/schema.org\",\"@graph\":[{\"@type\":\"WebPage\",\"@id\":\"https:\/\/www.tamarindoxperience.com\/es\/tour-de-pesca\/\",\"url\":\"https:\/\/www.tamarindoxperience.com\/es\/tour-de-pesca\/\",\"name\":\"Tours de Pesca Deportiva y Alta Mar desde Tamarindo Costa Rica\",\"isPartOf\":{\"@id\":\"https:\/\/www.tamarindoxperience.com\/#website\"},\"primaryImageOfPage\":{\"@id\":\"https:\/\/www.tamarindoxperience.com\/es\/tour-de-pesca\/#primaryimage\"},\"image\":{\"@id\":\"https:\/\/www.tamarindoxperience.com\/es\/tour-de-pesca\/#primaryimage\"},\"thumbnailUrl\":\"https:\/\/www.tamarindoxperience.com\/wp-content\/uploads\/2025\/06\/38-fts-quita-calzon.jpg\",\"datePublished\":\"2025-06-23T18:29:35+00:00\",\"dateModified\":\"2025-09-19T17:43:08+00:00\",\"description\":\"Embarca en una aventura de pesca deportiva desde Tamarindo. Ya sea alta mar o costa, nuestros tours cuentan con gu\u00edas expertos, equipo de calidad, y la oportunidad de capturar Marlin, Dorado, Pez Vela y m\u00e1s.\",\"breadcrumb\":{\"@id\":\"https:\/\/www.tamarindoxperience.com\/es\/tour-de-pesca\/#breadcrumb\"},\"inLanguage\":\"es\",\"potentialAction\":[{\"@type\":\"ReadAction\",\"target\":[\"https:\/\/www.tamarindoxperience.com\/es\/tour-de-pesca\/\"]}]},{\"@type\":\"ImageObject\",\"inLanguage\":\"es\",\"@id\":\"https:\/\/www.tamarindoxperience.com\/es\/tour-de-pesca\/#primaryimage\",\"url\":\"https:\/\/www.tamarindoxperience.com\/wp-content\/uploads\/2025\/06\/38-fts-quita-calzon.jpg\",\"contentUrl\":\"https:\/\/www.tamarindoxperience.com\/wp-content\/uploads\/2025\/06\/38-fts-quita-calzon.jpg\"},{\"@type\":\"BreadcrumbList\",\"@id\":\"https:\/\/www.tamarindoxperience.com\/es\/tour-de-pesca\/#breadcrumb\",\"itemListElement\":[{\"@type\":\"ListItem\",\"position\":1,\"name\":\"Home\",\"item\":\"https:\/\/www.tamarindoxperience.com\/es\/\"},{\"@type\":\"ListItem\",\"position\":2,\"name\":\"Tour de Pesca\"}]},{\"@type\":\"WebSite\",\"@id\":\"https:\/\/www.tamarindoxperience.com\/#website\",\"url\":\"https:\/\/www.tamarindoxperience.com\/\",\"name\":\"Tamarindo Xperience\",\"description\":\"Enjoy Tamarindo Costa Rica, the best tour operator.\",\"publisher\":{\"@id\":\"https:\/\/www.tamarindoxperience.com\/#organization\"},\"potentialAction\":[{\"@type\":\"SearchAction\",\"target\":{\"@type\":\"EntryPoint\",\"urlTemplate\":\"https:\/\/www.tamarindoxperience.com\/?s={search_term_string}\"},\"query-input\":{\"@type\":\"PropertyValueSpecification\",\"valueRequired\":true,\"valueName\":\"search_term_string\"}}],\"inLanguage\":\"es\"},{\"@type\":\"Organization\",\"@id\":\"https:\/\/www.tamarindoxperience.com\/#organization\",\"name\":\"Tamarindo Xperience\",\"url\":\"https:\/\/www.tamarindoxperience.com\/\",\"logo\":{\"@type\":\"ImageObject\",\"inLanguage\":\"es\",\"@id\":\"https:\/\/www.tamarindoxperience.com\/#\/schema\/logo\/image\/\",\"url\":\"https:\/\/www.tamarindoxperience.com\/wp-content\/uploads\/2025\/05\/tamarindo-x-web-fc.png\",\"contentUrl\":\"https:\/\/www.tamarindoxperience.com\/wp-content\/uploads\/2025\/05\/tamarindo-x-web-fc.png\",\"width\":600,\"height\":203,\"caption\":\"Tamarindo Xperience\"},\"image\":{\"@id\":\"https:\/\/www.tamarindoxperience.com\/#\/schema\/logo\/image\/\"},\"sameAs\":[\"https:\/\/www.facebook.com\/profile.php?id=61573999673922\",\"https:\/\/www.instagram.com\/tamarindo_xperience\/\",\"https:\/\/www.tripadvisor.com.mx\/Attraction_Review-g309253-d33032784-Reviews-Tamarindo_Xperience-Tamarindo_Province_of_Guanacaste.html\"]}]}<\/script>\n<!-- \/ Yoast SEO plugin. -->","yoast_head_json":{"title":"Tours de Pesca Deportiva y Alta Mar desde Tamarindo Costa Rica","description":"Embarca en una aventura de pesca deportiva desde Tamarindo. Ya sea alta mar o costa, nuestros tours cuentan con gu\u00edas expertos, equipo de calidad, y la oportunidad de capturar Marlin, Dorado, Pez Vela y m\u00e1s.","robots":{"index":"index","follow":"follow","max-snippet":"max-snippet:-1","max-image-preview":"max-image-preview:large","max-video-preview":"max-video-preview:-1"},"canonical":"https:\/\/www.tamarindoxperience.com\/es\/tour-de-pesca\/","og_locale":"es_ES","og_type":"article","og_title":"Tours de Pesca Deportiva y Alta Mar desde Tamarindo Costa Rica","og_description":"Embarca en una aventura de pesca deportiva desde Tamarindo. Ya sea alta mar o costa, nuestros tours cuentan con gu\u00edas expertos, equipo de calidad, y la oportunidad de capturar Marlin, Dorado, Pez Vela y m\u00e1s.","og_url":"https:\/\/www.tamarindoxperience.com\/es\/tour-de-pesca\/","og_site_name":"Tamarindo Xperience","article_publisher":"https:\/\/www.facebook.com\/profile.php?id=61573999673922","article_modified_time":"2025-09-19T17:43:08+00:00","og_image":[{"width":1200,"height":1200,"url":"https:\/\/www.tamarindoxperience.com\/wp-content\/uploads\/2025\/06\/38-fts-quita-calzon.jpg","type":"image\/jpeg"}],"twitter_card":"summary_large_image","twitter_misc":{"Tiempo de lectura":"1 minuto"},"schema":{"@context":"https:\/\/schema.org","@graph":[{"@type":"WebPage","@id":"https:\/\/www.tamarindoxperience.com\/es\/tour-de-pesca\/","url":"https:\/\/www.tamarindoxperience.com\/es\/tour-de-pesca\/","name":"Tours de Pesca Deportiva y Alta Mar desde Tamarindo Costa Rica","isPartOf":{"@id":"https:\/\/www.tamarindoxperience.com\/#website"},"primaryImageOfPage":{"@id":"https:\/\/www.tamarindoxperience.com\/es\/tour-de-pesca\/#primaryimage"},"image":{"@id":"https:\/\/www.tamarindoxperience.com\/es\/tour-de-pesca\/#primaryimage"},"thumbnailUrl":"https:\/\/www.tamarindoxperience.com\/wp-content\/uploads\/2025\/06\/38-fts-quita-calzon.jpg","datePublished":"2025-06-23T18:29:35+00:00","dateModified":"2025-09-19T17:43:08+00:00","description":"Embarca en una aventura de pesca deportiva desde Tamarindo. Ya sea alta mar o costa, nuestros tours cuentan con gu\u00edas expertos, equipo de calidad, y la oportunidad de capturar Marlin, Dorado, Pez Vela y m\u00e1s.","breadcrumb":{"@id":"https:\/\/www.tamarindoxperience.com\/es\/tour-de-pesca\/#breadcrumb"},"inLanguage":"es","potentialAction":[{"@type":"ReadAction","target":["https:\/\/www.tamarindoxperience.com\/es\/tour-de-pesca\/"]}]},{"@type":"ImageObject","inLanguage":"es","@id":"https:\/\/www.tamarindoxperience.com\/es\/tour-de-pesca\/#primaryimage","url":"https:\/\/www.tamarindoxperience.com\/wp-content\/uploads\/2025\/06\/38-fts-quita-calzon.jpg","contentUrl":"https:\/\/www.tamarindoxperience.com\/wp-content\/uploads\/2025\/06\/38-fts-quita-calzon.jpg"},{"@type":"BreadcrumbList","@id":"https:\/\/www.tamarindoxperience.com\/es\/tour-de-pesca\/#breadcrumb","itemListElement":[{"@type":"ListItem","position":1,"name":"Home","item":"https:\/\/www.tamarindoxperience.com\/es\/"},{"@type":"ListItem","position":2,"name":"Tour de Pesca"}]},{"@type":"WebSite","@id":"https:\/\/www.tamarindoxperience.com\/#website","url":"https:\/\/www.tamarindoxperience.com\/","name":"Tamarindo Xperience","description":"Enjoy Tamarindo Costa Rica, the best tour operator.","publisher":{"@id":"https:\/\/www.tamarindoxperience.com\/#organization"},"potentialAction":[{"@type":"SearchAction","target":{"@type":"EntryPoint","urlTemplate":"https:\/\/www.tamarindoxperience.com\/?s={search_term_string}"},"query-input":{"@type":"PropertyValueSpecification","valueRequired":true,"valueName":"search_term_string"}}],"inLanguage":"es"},{"@type":"Organization","@id":"https:\/\/www.tamarindoxperience.com\/#organization","name":"Tamarindo Xperience","url":"https:\/\/www.tamarindoxperience.com\/","logo":{"@type":"ImageObject","inLanguage":"es","@id":"https:\/\/www.tamarindoxperience.com\/#\/schema\/logo\/image\/","url":"https:\/\/www.tamarindoxperience.com\/wp-content\/uploads\/2025\/05\/tamarindo-x-web-fc.png","contentUrl":"https:\/\/www.tamarindoxperience.com\/wp-content\/uploads\/2025\/05\/tamarindo-x-web-fc.png","width":600,"height":203,"caption":"Tamarindo Xperience"},"image":{"@id":"https:\/\/www.tamarindoxperience.com\/#\/schema\/logo\/image\/"},"sameAs":["https:\/\/www.facebook.com\/profile.php?id=61573999673922","https:\/\/www.instagram.com\/tamarindo_xperience\/","https:\/\/www.tripadvisor.com.mx\/Attraction_Review-g309253-d33032784-Reviews-Tamarindo_Xperience-Tamarindo_Province_of_Guanacaste.html"]}]}},"_links":{"self":[{"href":"https:\/\/www.tamarindoxperience.com\/es\/wp-json\/wp\/v2\/pages\/2437","targetHints":{"allow":["GET"]}}],"collection":[{"href":"https:\/\/www.tamarindoxperience.com\/es\/wp-json\/wp\/v2\/pages"}],"about":[{"href":"https:\/\/www.tamarindoxperience.com\/es\/wp-json\/wp\/v2\/types\/page"}],"author":[{"embeddable":true,"href":"https:\/\/www.tamarindoxperience.com\/es\/wp-json\/wp\/v2\/users\/1"}],"replies":[{"embeddable":true,"href":"https:\/\/www.tamarindoxperience.com\/es\/wp-json\/wp\/v2\/comments?post=2437"}],"version-history":[{"count":34,"href":"https:\/\/www.tamarindoxperience.com\/es\/wp-json\/wp\/v2\/pages\/2437\/revisions"}],"predecessor-version":[{"id":3255,"href":"https:\/\/www.tamarindoxperience.com\/es\/wp-json\/wp\/v2\/pages\/2437\/revisions\/3255"}],"wp:attachment":[{"href":"https:\/\/www.tamarindoxperience.com\/es\/wp-json\/wp\/v2\/media?parent=2437"}],"curies":[{"name":"wp","href":"https:\/\/api.w.org\/{rel}","templated":true}]}}