{"id":2428,"date":"2025-06-25T23:41:15","date_gmt":"2025-06-25T23:41:15","guid":{"rendered":"https:\/\/www.tamarindoxperience.com\/about-us\/"},"modified":"2025-09-19T17:41:39","modified_gmt":"2025-09-19T17:41:39","slug":"nosotros","status":"publish","type":"page","link":"https:\/\/www.tamarindoxperience.com\/es\/nosotros\/","title":{"rendered":"Nosotros"},"content":{"rendered":"\t\t<div data-elementor-type=\"wp-page\" data-elementor-id=\"2428\" class=\"elementor elementor-2428\">\n\t\t\t\t<div class=\"elementor-element elementor-element-2b2946a e-flex e-con-boxed e-con e-parent\" data-id=\"2b2946a\" data-element_type=\"container\" data-e-type=\"container\" data-settings=\"{&quot;background_background&quot;:&quot;classic&quot;}\">\n\t\t\t\t\t<div class=\"e-con-inner\">\n\t\t\t\t<div class=\"elementor-element elementor-element-2304991 elementor-widget elementor-widget-heading\" data-id=\"2304991\" data-element_type=\"widget\" data-e-type=\"widget\" data-widget_type=\"heading.default\">\n\t\t\t\t<div class=\"elementor-widget-container\">\n\t\t\t\t\t<h1 class=\"elementor-heading-title elementor-size-default\">Acerca de<span style=\"color: #DEA22A\"> Nosotros<\/span><\/h1>\t\t\t\t<\/div>\n\t\t\t\t<\/div>\n\t\t\t\t<div class=\"elementor-element elementor-element-18be670 elementor-widget-divider--view-line elementor-widget elementor-widget-divider\" data-id=\"18be670\" data-element_type=\"widget\" data-e-type=\"widget\" data-widget_type=\"divider.default\">\n\t\t\t\t<div class=\"elementor-widget-container\">\n\t\t\t\t\t\t\t<div class=\"elementor-divider\">\n\t\t\t<span class=\"elementor-divider-separator\">\n\t\t\t\t\t\t<\/span>\n\t\t<\/div>\n\t\t\t\t\t\t<\/div>\n\t\t\t\t<\/div>\n\t\t\t\t\t<\/div>\n\t\t\t\t<\/div>\n\t\t<div class=\"elementor-element elementor-element-7318bc3 e-con-full e-flex e-con e-parent\" data-id=\"7318bc3\" data-element_type=\"container\" data-e-type=\"container\" data-settings=\"{&quot;background_background&quot;:&quot;gradient&quot;}\">\n\t\t<div class=\"elementor-element elementor-element-20688a9 e-con-full e-flex e-con e-child\" data-id=\"20688a9\" data-element_type=\"container\" data-e-type=\"container\">\n\t\t\t\t<div class=\"elementor-element elementor-element-ef30272 elementor-widget elementor-widget-heading\" data-id=\"ef30272\" data-element_type=\"widget\" data-e-type=\"widget\" data-widget_type=\"heading.default\">\n\t\t\t\t<div class=\"elementor-widget-container\">\n\t\t\t\t\t<h2 class=\"elementor-heading-title elementor-size-default\">En Tamarindo <span style=\"color: #DEA22A\">Xperience<\/span><\/h2>\t\t\t\t<\/div>\n\t\t\t\t<\/div>\n\t\t\t\t<div class=\"elementor-element elementor-element-88dff98 elementor-widget elementor-widget-text-editor\" data-id=\"88dff98\" data-element_type=\"widget\" data-e-type=\"widget\" data-widget_type=\"text-editor.default\">\n\t\t\t\t<div class=\"elementor-widget-container\">\n\t\t\t\t\t\t\t\t\t<p>Creemos que cada viaje debe ser una aventura inolvidable. Somos Jos\u00e9 Paulo Barrantes y Dariana Araya, dos apasionados por el turismo y la belleza de Tamarindo Guanacaste, quienes decidimos transformar nuestra pasi\u00f3n en un proyecto que capture la esencia de esta tierra tan \u00fanica y especial.<br \/>Nuestro objetivo es crear recuerdos que duren toda la vida. Queremos que cada turista y visitante que elija vivir una experiencia con nosotros no solo disfrute de un tour, sino que se lleve consigo una historia que contar, una emoci\u00f3n que revivir y una raz\u00f3n para volver una y otra vez.<br \/>Con una selecci\u00f3n de tours \u00fanicos, buscamos conectar a nuestros clientes con la magia de Tamarindo. M\u00e1s que una compa\u00f1\u00eda de turismo, somos creadores de momentos, constructores de felicidad y embajadores de la aventura pura.<br \/>Si buscas adrenalina, diversi\u00f3n y recuerdos inolvidables, Tamarindo Xperience es tu puerta de entrada a la mejor aventura de Guanacaste \u00a1Ven y vive la experiencia con nosotros!<\/p>\t\t\t\t\t\t\t\t<\/div>\n\t\t\t\t<\/div>\n\t\t\t\t<\/div>\n\t\t<div class=\"elementor-element elementor-element-a13c930 e-con-full e-flex e-con e-child\" data-id=\"a13c930\" data-element_type=\"container\" data-e-type=\"container\">\n\t\t\t\t<div class=\"elementor-element elementor-element-7ee8f67 elementor-arrows-position-inside elementor-widget elementor-widget-image-carousel\" data-id=\"7ee8f67\" data-element_type=\"widget\" data-e-type=\"widget\" data-settings=\"{&quot;slides_to_show&quot;:&quot;1&quot;,&quot;navigation&quot;:&quot;arrows&quot;,&quot;slides_to_show_tablet&quot;:&quot;1&quot;,&quot;autoplay&quot;:&quot;yes&quot;,&quot;pause_on_hover&quot;:&quot;yes&quot;,&quot;autoplay_speed&quot;:5000,&quot;infinite&quot;:&quot;yes&quot;,&quot;effect&quot;:&quot;slide&quot;,&quot;speed&quot;:500}\" data-widget_type=\"image-carousel.default\">\n\t\t\t\t<div class=\"elementor-widget-container\">\n\t\t\t\t\t\t\t<div class=\"elementor-image-carousel-wrapper swiper\" role=\"region\" aria-roledescription=\"carousel\" aria-label=\"Image Carousel\" dir=\"ltr\">\n\t\t\t<div class=\"elementor-image-carousel swiper-wrapper\" aria-live=\"off\">\n\t\t\t\t\t\t\t\t<div class=\"swiper-slide\" role=\"group\" aria-roledescription=\"slide\" aria-label=\"1 de 1\"><a data-elementor-open-lightbox=\"yes\" data-elementor-lightbox-slideshow=\"7ee8f67\" data-e-action-hash=\"#elementor-action%3Aaction%3Dlightbox%26settings%3DeyJpZCI6MTQ5MywidXJsIjoiaHR0cHM6XC9cL3d3dy50YW1hcmluZG94cGVyaWVuY2UuY29tXC93cC1jb250ZW50XC91cGxvYWRzXC8yMDI1XC8wNlwvYWJvdXQtdXMtMS5qcGciLCJzbGlkZXNob3ciOiI3ZWU4ZjY3In0%3D\" href=\"https:\/\/www.tamarindoxperience.com\/wp-content\/uploads\/2025\/06\/about-us-1.jpg\"><figure class=\"swiper-slide-inner\"><img decoding=\"async\" class=\"swiper-slide-image\" src=\"https:\/\/www.tamarindoxperience.com\/wp-content\/uploads\/2025\/06\/about-us-1.jpg\" alt=\"\" \/><\/figure><\/a><\/div>\t\t\t<\/div>\n\t\t\t\t\t<\/div>\n\t\t\t\t\t\t<\/div>\n\t\t\t\t<\/div>\n\t\t\t\t<\/div>\n\t\t\t\t<\/div>\n\t\t<div class=\"elementor-element elementor-element-54d6f3a e-con-full e-flex e-con e-parent\" data-id=\"54d6f3a\" data-element_type=\"container\" data-e-type=\"container\" data-settings=\"{&quot;background_background&quot;:&quot;classic&quot;}\">\n\t\t<div class=\"elementor-element elementor-element-5858fe0 e-con-full e-flex e-con e-child\" data-id=\"5858fe0\" data-element_type=\"container\" data-e-type=\"container\">\n\t\t\t\t<div class=\"elementor-element elementor-element-eea8298 elementor-arrows-position-inside elementor-widget elementor-widget-image-carousel\" data-id=\"eea8298\" data-element_type=\"widget\" data-e-type=\"widget\" data-settings=\"{&quot;slides_to_show&quot;:&quot;1&quot;,&quot;navigation&quot;:&quot;arrows&quot;,&quot;autoplay&quot;:&quot;yes&quot;,&quot;pause_on_hover&quot;:&quot;yes&quot;,&quot;autoplay_speed&quot;:5000,&quot;infinite&quot;:&quot;yes&quot;,&quot;effect&quot;:&quot;slide&quot;,&quot;speed&quot;:500}\" data-widget_type=\"image-carousel.default\">\n\t\t\t\t<div class=\"elementor-widget-container\">\n\t\t\t\t\t\t\t<div class=\"elementor-image-carousel-wrapper swiper\" role=\"region\" aria-roledescription=\"carousel\" aria-label=\"Image Carousel\" dir=\"ltr\">\n\t\t\t<div class=\"elementor-image-carousel swiper-wrapper\" aria-live=\"off\">\n\t\t\t\t\t\t\t\t<div class=\"swiper-slide\" role=\"group\" aria-roledescription=\"slide\" aria-label=\"1 de 1\"><a data-elementor-open-lightbox=\"yes\" data-elementor-lightbox-slideshow=\"eea8298\" data-e-action-hash=\"#elementor-action%3Aaction%3Dlightbox%26settings%3DeyJpZCI6MTk3MiwidXJsIjoiaHR0cHM6XC9cL3d3dy50YW1hcmluZG94cGVyaWVuY2UuY29tXC93cC1jb250ZW50XC91cGxvYWRzXC8yMDI1XC8wN1wvYWJvdXQtdXMtMy5qcGciLCJzbGlkZXNob3ciOiJlZWE4Mjk4In0%3D\" href=\"https:\/\/www.tamarindoxperience.com\/wp-content\/uploads\/2025\/07\/about-us-3.jpg\"><figure class=\"swiper-slide-inner\"><img decoding=\"async\" class=\"swiper-slide-image\" src=\"https:\/\/www.tamarindoxperience.com\/wp-content\/uploads\/2025\/07\/about-us-3.jpg\" alt=\"\" \/><\/figure><\/a><\/div>\t\t\t<\/div>\n\t\t\t\t\t<\/div>\n\t\t\t\t\t\t<\/div>\n\t\t\t\t<\/div>\n\t\t\t\t<\/div>\n\t\t<div class=\"elementor-element elementor-element-2ee3c20 e-con-full e-flex e-con e-child\" data-id=\"2ee3c20\" data-element_type=\"container\" data-e-type=\"container\">\n\t\t\t\t<div class=\"elementor-element elementor-element-a332a27 elementor-widget elementor-widget-heading\" data-id=\"a332a27\" data-element_type=\"widget\" data-e-type=\"widget\" data-widget_type=\"heading.default\">\n\t\t\t\t<div class=\"elementor-widget-container\">\n\t\t\t\t\t<h2 class=\"elementor-heading-title elementor-size-default\">\u00bfPor qu\u00e9 <span style=\"color: #DEA22A\">Nosotros?<\/span><\/h2>\t\t\t\t<\/div>\n\t\t\t\t<\/div>\n\t\t\t\t<div class=\"elementor-element elementor-element-777b241 elementor-widget elementor-widget-text-editor\" data-id=\"777b241\" data-element_type=\"widget\" data-e-type=\"widget\" data-widget_type=\"text-editor.default\">\n\t\t\t\t<div class=\"elementor-widget-container\">\n\t\t\t\t\t\t\t\t\tPorque detr\u00e1s de cada experiencia que ofrecemos hay una historia de dedicaci\u00f3n, amor y entusiasmo. Tamarindo Xperience naci\u00f3 de un sue\u00f1o, el deseo de crecer en la industria del turismo y demostrar que, con esfuerzo y pasi\u00f3n, todo es posible.\n&#8211;  No solo creamos tours, creamos momentos \u00fanicos. Queremos que cada persona que nos visite se lleve una experiencia inolvidable, llena de aventura, felicidad y conexi\u00f3n con la belleza de Tamarindo. &#8211;  Creemos que el esfuerzo y el compromiso con un buen trabajo siempre dan grandes resultados. Por eso, ponemos nuestro coraz\u00f3n en cada tour, en cada sonrisa de un cliente y en cada historia que se lleva de vuelta a casa.\n&#8211; M\u00e1s que una empresa, una experiencia para toda la vida: Queremos que quienes nos visiten hablen de Tamarindo Xperience con emoci\u00f3n, que sientan el deseo de regresar una y mil veces, y que nos recuerden como parte de sus mejores aventuras.\t\t\t\t\t\t\t\t<\/div>\n\t\t\t\t<\/div>\n\t\t\t\t<\/div>\n\t\t\t\t<\/div>\n\t\t<div class=\"elementor-element elementor-element-703c3d1 e-con-full e-flex e-con e-parent\" data-id=\"703c3d1\" data-element_type=\"container\" data-e-type=\"container\" data-settings=\"{&quot;background_background&quot;:&quot;classic&quot;}\">\n\t\t\t\t<div class=\"elementor-element elementor-element-0dfd087 elementor-align-center elementor-widget elementor-widget-button\" data-id=\"0dfd087\" data-element_type=\"widget\" data-e-type=\"widget\" data-widget_type=\"button.default\">\n\t\t\t\t<div class=\"elementor-widget-container\">\n\t\t\t\t\t\t\t\t\t<div class=\"elementor-button-wrapper\">\n\t\t\t\t\t<a class=\"elementor-button elementor-button-link elementor-size-sm elementor-animation-grow\" href=\"https:\/\/reservations.orbebooking.com\/Concierge\/SearchServices\/SSYs6\/es\" target=\"_blank\">\n\t\t\t\t\t\t<span class=\"elementor-button-content-wrapper\">\n\t\t\t\t\t\t\t\t\t<span class=\"elementor-button-text\">Reservar<\/span>\n\t\t\t\t\t<\/span>\n\t\t\t\t\t<\/a>\n\t\t\t\t<\/div>\n\t\t\t\t\t\t\t\t<\/div>\n\t\t\t\t<\/div>\n\t\t\t\t<\/div>\n\t\t\t\t<\/div>\n\t\t","protected":false},"excerpt":{"rendered":"<p>Acerca de Nosotros En Tamarindo Xperience Creemos que cada viaje debe ser una aventura inolvidable. Somos Jos\u00e9 Paulo Barrantes y Dariana Araya, dos apasionados por el turismo y la belleza de Tamarindo Guanacaste, quienes decidimos transformar nuestra pasi\u00f3n en un proyecto que capture la esencia de esta tierra tan \u00fanica y especial.Nuestro objetivo es crear [&hellip;]<\/p>\n","protected":false},"author":1,"featured_media":0,"parent":0,"menu_order":0,"comment_status":"closed","ping_status":"closed","template":"","meta":{"footnotes":""},"class_list":["post-2428","page","type-page","status-publish","hentry"],"yoast_head":"<!-- This site is optimized with the Yoast SEO plugin v27.1.1 - https:\/\/yoast.com\/product\/yoast-seo-wordpress\/ -->\n<title>Nosotros - Tamarindo Xperience<\/title>\n<meta name=\"robots\" content=\"index, follow, max-snippet:-1, max-image-preview:large, max-video-preview:-1\" \/>\n<link rel=\"canonical\" href=\"https:\/\/www.tamarindoxperience.com\/es\/nosotros\/\" \/>\n<meta property=\"og:locale\" content=\"es_ES\" \/>\n<meta property=\"og:type\" content=\"article\" \/>\n<meta property=\"og:title\" content=\"Nosotros - Tamarindo Xperience\" \/>\n<meta property=\"og:description\" content=\"Acerca de Nosotros En Tamarindo Xperience Creemos que cada viaje debe ser una aventura inolvidable. Somos Jos\u00e9 Paulo Barrantes y Dariana Araya, dos apasionados por el turismo y la belleza de Tamarindo Guanacaste, quienes decidimos transformar nuestra pasi\u00f3n en un proyecto que capture la esencia de esta tierra tan \u00fanica y especial.Nuestro objetivo es crear [&hellip;]\" \/>\n<meta property=\"og:url\" content=\"https:\/\/www.tamarindoxperience.com\/es\/nosotros\/\" \/>\n<meta property=\"og:site_name\" content=\"Tamarindo Xperience\" \/>\n<meta property=\"article:publisher\" content=\"https:\/\/www.facebook.com\/profile.php?id=61573999673922\" \/>\n<meta property=\"article:modified_time\" content=\"2025-09-19T17:41:39+00:00\" \/>\n<meta property=\"og:image\" content=\"https:\/\/www.tamarindoxperience.com\/wp-content\/uploads\/2025\/06\/about-us-1.jpg\" \/>\n<meta name=\"twitter:card\" content=\"summary_large_image\" \/>\n<meta name=\"twitter:label1\" content=\"Tiempo de lectura\" \/>\n\t<meta name=\"twitter:data1\" content=\"2 minutos\" \/>\n<script type=\"application\/ld+json\" class=\"yoast-schema-graph\">{\"@context\":\"https:\/\/schema.org\",\"@graph\":[{\"@type\":\"WebPage\",\"@id\":\"https:\/\/www.tamarindoxperience.com\/es\/nosotros\/\",\"url\":\"https:\/\/www.tamarindoxperience.com\/es\/nosotros\/\",\"name\":\"Nosotros - Tamarindo Xperience\",\"isPartOf\":{\"@id\":\"https:\/\/www.tamarindoxperience.com\/#website\"},\"primaryImageOfPage\":{\"@id\":\"https:\/\/www.tamarindoxperience.com\/es\/nosotros\/#primaryimage\"},\"image\":{\"@id\":\"https:\/\/www.tamarindoxperience.com\/es\/nosotros\/#primaryimage\"},\"thumbnailUrl\":\"https:\/\/www.tamarindoxperience.com\/wp-content\/uploads\/2025\/06\/about-us-1.jpg\",\"datePublished\":\"2025-06-25T23:41:15+00:00\",\"dateModified\":\"2025-09-19T17:41:39+00:00\",\"breadcrumb\":{\"@id\":\"https:\/\/www.tamarindoxperience.com\/es\/nosotros\/#breadcrumb\"},\"inLanguage\":\"es\",\"potentialAction\":[{\"@type\":\"ReadAction\",\"target\":[\"https:\/\/www.tamarindoxperience.com\/es\/nosotros\/\"]}]},{\"@type\":\"ImageObject\",\"inLanguage\":\"es\",\"@id\":\"https:\/\/www.tamarindoxperience.com\/es\/nosotros\/#primaryimage\",\"url\":\"https:\/\/www.tamarindoxperience.com\/wp-content\/uploads\/2025\/06\/about-us-1.jpg\",\"contentUrl\":\"https:\/\/www.tamarindoxperience.com\/wp-content\/uploads\/2025\/06\/about-us-1.jpg\"},{\"@type\":\"BreadcrumbList\",\"@id\":\"https:\/\/www.tamarindoxperience.com\/es\/nosotros\/#breadcrumb\",\"itemListElement\":[{\"@type\":\"ListItem\",\"position\":1,\"name\":\"Home\",\"item\":\"https:\/\/www.tamarindoxperience.com\/es\/\"},{\"@type\":\"ListItem\",\"position\":2,\"name\":\"Nosotros\"}]},{\"@type\":\"WebSite\",\"@id\":\"https:\/\/www.tamarindoxperience.com\/#website\",\"url\":\"https:\/\/www.tamarindoxperience.com\/\",\"name\":\"Tamarindo Xperience\",\"description\":\"Enjoy Tamarindo Costa Rica, the best tour operator.\",\"publisher\":{\"@id\":\"https:\/\/www.tamarindoxperience.com\/#organization\"},\"potentialAction\":[{\"@type\":\"SearchAction\",\"target\":{\"@type\":\"EntryPoint\",\"urlTemplate\":\"https:\/\/www.tamarindoxperience.com\/?s={search_term_string}\"},\"query-input\":{\"@type\":\"PropertyValueSpecification\",\"valueRequired\":true,\"valueName\":\"search_term_string\"}}],\"inLanguage\":\"es\"},{\"@type\":\"Organization\",\"@id\":\"https:\/\/www.tamarindoxperience.com\/#organization\",\"name\":\"Tamarindo Xperience\",\"url\":\"https:\/\/www.tamarindoxperience.com\/\",\"logo\":{\"@type\":\"ImageObject\",\"inLanguage\":\"es\",\"@id\":\"https:\/\/www.tamarindoxperience.com\/#\/schema\/logo\/image\/\",\"url\":\"https:\/\/www.tamarindoxperience.com\/wp-content\/uploads\/2025\/05\/tamarindo-x-web-fc.png\",\"contentUrl\":\"https:\/\/www.tamarindoxperience.com\/wp-content\/uploads\/2025\/05\/tamarindo-x-web-fc.png\",\"width\":600,\"height\":203,\"caption\":\"Tamarindo Xperience\"},\"image\":{\"@id\":\"https:\/\/www.tamarindoxperience.com\/#\/schema\/logo\/image\/\"},\"sameAs\":[\"https:\/\/www.facebook.com\/profile.php?id=61573999673922\",\"https:\/\/www.instagram.com\/tamarindo_xperience\/\",\"https:\/\/www.tripadvisor.com.mx\/Attraction_Review-g309253-d33032784-Reviews-Tamarindo_Xperience-Tamarindo_Province_of_Guanacaste.html\"]}]}<\/script>\n<!-- \/ Yoast SEO plugin. -->","yoast_head_json":{"title":"Nosotros - Tamarindo Xperience","robots":{"index":"index","follow":"follow","max-snippet":"max-snippet:-1","max-image-preview":"max-image-preview:large","max-video-preview":"max-video-preview:-1"},"canonical":"https:\/\/www.tamarindoxperience.com\/es\/nosotros\/","og_locale":"es_ES","og_type":"article","og_title":"Nosotros - Tamarindo Xperience","og_description":"Acerca de Nosotros En Tamarindo Xperience Creemos que cada viaje debe ser una aventura inolvidable. Somos Jos\u00e9 Paulo Barrantes y Dariana Araya, dos apasionados por el turismo y la belleza de Tamarindo Guanacaste, quienes decidimos transformar nuestra pasi\u00f3n en un proyecto que capture la esencia de esta tierra tan \u00fanica y especial.Nuestro objetivo es crear [&hellip;]","og_url":"https:\/\/www.tamarindoxperience.com\/es\/nosotros\/","og_site_name":"Tamarindo Xperience","article_publisher":"https:\/\/www.facebook.com\/profile.php?id=61573999673922","article_modified_time":"2025-09-19T17:41:39+00:00","og_image":[{"url":"https:\/\/www.tamarindoxperience.com\/wp-content\/uploads\/2025\/06\/about-us-1.jpg","type":"","width":"","height":""}],"twitter_card":"summary_large_image","twitter_misc":{"Tiempo de lectura":"2 minutos"},"schema":{"@context":"https:\/\/schema.org","@graph":[{"@type":"WebPage","@id":"https:\/\/www.tamarindoxperience.com\/es\/nosotros\/","url":"https:\/\/www.tamarindoxperience.com\/es\/nosotros\/","name":"Nosotros - Tamarindo Xperience","isPartOf":{"@id":"https:\/\/www.tamarindoxperience.com\/#website"},"primaryImageOfPage":{"@id":"https:\/\/www.tamarindoxperience.com\/es\/nosotros\/#primaryimage"},"image":{"@id":"https:\/\/www.tamarindoxperience.com\/es\/nosotros\/#primaryimage"},"thumbnailUrl":"https:\/\/www.tamarindoxperience.com\/wp-content\/uploads\/2025\/06\/about-us-1.jpg","datePublished":"2025-06-25T23:41:15+00:00","dateModified":"2025-09-19T17:41:39+00:00","breadcrumb":{"@id":"https:\/\/www.tamarindoxperience.com\/es\/nosotros\/#breadcrumb"},"inLanguage":"es","potentialAction":[{"@type":"ReadAction","target":["https:\/\/www.tamarindoxperience.com\/es\/nosotros\/"]}]},{"@type":"ImageObject","inLanguage":"es","@id":"https:\/\/www.tamarindoxperience.com\/es\/nosotros\/#primaryimage","url":"https:\/\/www.tamarindoxperience.com\/wp-content\/uploads\/2025\/06\/about-us-1.jpg","contentUrl":"https:\/\/www.tamarindoxperience.com\/wp-content\/uploads\/2025\/06\/about-us-1.jpg"},{"@type":"BreadcrumbList","@id":"https:\/\/www.tamarindoxperience.com\/es\/nosotros\/#breadcrumb","itemListElement":[{"@type":"ListItem","position":1,"name":"Home","item":"https:\/\/www.tamarindoxperience.com\/es\/"},{"@type":"ListItem","position":2,"name":"Nosotros"}]},{"@type":"WebSite","@id":"https:\/\/www.tamarindoxperience.com\/#website","url":"https:\/\/www.tamarindoxperience.com\/","name":"Tamarindo Xperience","description":"Enjoy Tamarindo Costa Rica, the best tour operator.","publisher":{"@id":"https:\/\/www.tamarindoxperience.com\/#organization"},"potentialAction":[{"@type":"SearchAction","target":{"@type":"EntryPoint","urlTemplate":"https:\/\/www.tamarindoxperience.com\/?s={search_term_string}"},"query-input":{"@type":"PropertyValueSpecification","valueRequired":true,"valueName":"search_term_string"}}],"inLanguage":"es"},{"@type":"Organization","@id":"https:\/\/www.tamarindoxperience.com\/#organization","name":"Tamarindo Xperience","url":"https:\/\/www.tamarindoxperience.com\/","logo":{"@type":"ImageObject","inLanguage":"es","@id":"https:\/\/www.tamarindoxperience.com\/#\/schema\/logo\/image\/","url":"https:\/\/www.tamarindoxperience.com\/wp-content\/uploads\/2025\/05\/tamarindo-x-web-fc.png","contentUrl":"https:\/\/www.tamarindoxperience.com\/wp-content\/uploads\/2025\/05\/tamarindo-x-web-fc.png","width":600,"height":203,"caption":"Tamarindo Xperience"},"image":{"@id":"https:\/\/www.tamarindoxperience.com\/#\/schema\/logo\/image\/"},"sameAs":["https:\/\/www.facebook.com\/profile.php?id=61573999673922","https:\/\/www.instagram.com\/tamarindo_xperience\/","https:\/\/www.tripadvisor.com.mx\/Attraction_Review-g309253-d33032784-Reviews-Tamarindo_Xperience-Tamarindo_Province_of_Guanacaste.html"]}]}},"_links":{"self":[{"href":"https:\/\/www.tamarindoxperience.com\/es\/wp-json\/wp\/v2\/pages\/2428","targetHints":{"allow":["GET"]}}],"collection":[{"href":"https:\/\/www.tamarindoxperience.com\/es\/wp-json\/wp\/v2\/pages"}],"about":[{"href":"https:\/\/www.tamarindoxperience.com\/es\/wp-json\/wp\/v2\/types\/page"}],"author":[{"embeddable":true,"href":"https:\/\/www.tamarindoxperience.com\/es\/wp-json\/wp\/v2\/users\/1"}],"replies":[{"embeddable":true,"href":"https:\/\/www.tamarindoxperience.com\/es\/wp-json\/wp\/v2\/comments?post=2428"}],"version-history":[{"count":22,"href":"https:\/\/www.tamarindoxperience.com\/es\/wp-json\/wp\/v2\/pages\/2428\/revisions"}],"predecessor-version":[{"id":3246,"href":"https:\/\/www.tamarindoxperience.com\/es\/wp-json\/wp\/v2\/pages\/2428\/revisions\/3246"}],"wp:attachment":[{"href":"https:\/\/www.tamarindoxperience.com\/es\/wp-json\/wp\/v2\/media?parent=2428"}],"curies":[{"name":"wp","href":"https:\/\/api.w.org\/{rel}","templated":true}]}}